{"id":273,"date":"2026-04-27T16:59:30","date_gmt":"2026-04-27T16:59:30","guid":{"rendered":"https:\/\/wordledanskspil.dk\/blog\/?page_id=273"},"modified":"2026-04-27T17:05:53","modified_gmt":"2026-04-27T17:05:53","slug":"kontakt-os","status":"publish","type":"page","link":"https:\/\/wordledanskspil.dk\/blog\/kontakt-os\/","title":{"rendered":"Kontakt os"},"content":{"rendered":"<p>Vil du annoncere p\u00e5 WordleDanskSpil.dk, eller har du et forslag til et samarbejde? S\u00e5 er du meget velkommen til at kontakte os.<\/p>\n<p>Vi h\u00f8rer gerne fra annonc\u00f8rer, bureauer, spiludviklere og andre, der passer naturligt til vores l\u00e6sere. Skriv kort, hvad du har i tankerne, s\u00e5 kigger vi p\u00e5 det og vender tilbage.<\/p>\n<p><strong>Kontakt vores redakt\u00f8r Oliver Lankila p\u00e5 emailen nedenfor.<\/strong><\/p>\n<h3><strong>Email:<\/strong> oliverlankila@gmail.com<\/h3>\n","protected":false},"excerpt":{"rendered":"<p>Vil du annoncere p\u00e5 WordleDanskSpil.dk, eller har du et forslag til et samarbejde? S\u00e5 er&hellip;<\/p>\n","protected":false},"author":1,"featured_media":0,"parent":0,"menu_order":0,"comment_status":"closed","ping_status":"closed","template":"","meta":{"footnotes":""},"class_list":["post-273","page","type-page","status-publish","hentry"],"yoast_head":"<!-- This site is optimized with the Yoast SEO plugin v27.0 - https:\/\/yoast.com\/product\/yoast-seo-wordpress\/ -->\n<title>Kontakt os - WordleDanskSpil<\/title>\n<meta name=\"robots\" content=\"index, follow, max-snippet:-1, max-image-preview:large, max-video-preview:-1\" \/>\n<link rel=\"canonical\" href=\"https:\/\/wordledanskspil.dk\/blog\/kontakt-os\/\" \/>\n<meta property=\"og:locale\" content=\"en_US\" \/>\n<meta property=\"og:type\" content=\"article\" \/>\n<meta property=\"og:title\" content=\"Kontakt os - WordleDanskSpil\" \/>\n<meta property=\"og:description\" content=\"Vil du annoncere p\u00e5 WordleDanskSpil.dk, eller har du et forslag til et samarbejde? S\u00e5 er&hellip;\" \/>\n<meta property=\"og:url\" content=\"https:\/\/wordledanskspil.dk\/blog\/kontakt-os\/\" \/>\n<meta property=\"og:site_name\" content=\"WordleDanskSpil\" \/>\n<meta property=\"article:modified_time\" content=\"2026-04-27T17:05:53+00:00\" \/>\n<meta name=\"twitter:card\" content=\"summary_large_image\" \/>\n<meta name=\"twitter:label1\" content=\"Est. reading time\" \/>\n\t<meta name=\"twitter:data1\" content=\"1 minute\" \/>\n<script type=\"application\/ld+json\" class=\"yoast-schema-graph\">{\"@context\":\"https:\/\/schema.org\",\"@graph\":[{\"@type\":\"WebPage\",\"@id\":\"https:\/\/wordledanskspil.dk\/blog\/kontakt-os\/\",\"url\":\"https:\/\/wordledanskspil.dk\/blog\/kontakt-os\/\",\"name\":\"Kontakt os - WordleDanskSpil\",\"isPartOf\":{\"@id\":\"https:\/\/wordledanskspil.dk\/blog\/#website\"},\"datePublished\":\"2026-04-27T16:59:30+00:00\",\"dateModified\":\"2026-04-27T17:05:53+00:00\",\"breadcrumb\":{\"@id\":\"https:\/\/wordledanskspil.dk\/blog\/kontakt-os\/#breadcrumb\"},\"inLanguage\":\"en-US\",\"potentialAction\":[{\"@type\":\"ReadAction\",\"target\":[\"https:\/\/wordledanskspil.dk\/blog\/kontakt-os\/\"]}]},{\"@type\":\"BreadcrumbList\",\"@id\":\"https:\/\/wordledanskspil.dk\/blog\/kontakt-os\/#breadcrumb\",\"itemListElement\":[{\"@type\":\"ListItem\",\"position\":1,\"name\":\"Home\",\"item\":\"https:\/\/wordledanskspil.dk\/blog\/\"},{\"@type\":\"ListItem\",\"position\":2,\"name\":\"Kontakt os\"}]},{\"@type\":\"WebSite\",\"@id\":\"https:\/\/wordledanskspil.dk\/blog\/#website\",\"url\":\"https:\/\/wordledanskspil.dk\/blog\/\",\"name\":\"WordleDanskSpil\",\"description\":\"Blog\",\"publisher\":{\"@id\":\"https:\/\/wordledanskspil.dk\/blog\/#organization\"},\"potentialAction\":[{\"@type\":\"SearchAction\",\"target\":{\"@type\":\"EntryPoint\",\"urlTemplate\":\"https:\/\/wordledanskspil.dk\/blog\/?s={search_term_string}\"},\"query-input\":{\"@type\":\"PropertyValueSpecification\",\"valueRequired\":true,\"valueName\":\"search_term_string\"}}],\"inLanguage\":\"en-US\"},{\"@type\":\"Organization\",\"@id\":\"https:\/\/wordledanskspil.dk\/blog\/#organization\",\"name\":\"WordleDanskSpil\",\"url\":\"https:\/\/wordledanskspil.dk\/blog\/\",\"logo\":{\"@type\":\"ImageObject\",\"inLanguage\":\"en-US\",\"@id\":\"https:\/\/wordledanskspil.dk\/blog\/#\/schema\/logo\/image\/\",\"url\":\"https:\/\/wordledanskspil.dk\/blog\/wp-content\/uploads\/2025\/08\/w.png\",\"contentUrl\":\"https:\/\/wordledanskspil.dk\/blog\/wp-content\/uploads\/2025\/08\/w.png\",\"width\":1024,\"height\":367,\"caption\":\"WordleDanskSpil\"},\"image\":{\"@id\":\"https:\/\/wordledanskspil.dk\/blog\/#\/schema\/logo\/image\/\"}}]}<\/script>\n<!-- \/ Yoast SEO plugin. -->","yoast_head_json":{"title":"Kontakt os - WordleDanskSpil","robots":{"index":"index","follow":"follow","max-snippet":"max-snippet:-1","max-image-preview":"max-image-preview:large","max-video-preview":"max-video-preview:-1"},"canonical":"https:\/\/wordledanskspil.dk\/blog\/kontakt-os\/","og_locale":"en_US","og_type":"article","og_title":"Kontakt os - WordleDanskSpil","og_description":"Vil du annoncere p\u00e5 WordleDanskSpil.dk, eller har du et forslag til et samarbejde? S\u00e5 er&hellip;","og_url":"https:\/\/wordledanskspil.dk\/blog\/kontakt-os\/","og_site_name":"WordleDanskSpil","article_modified_time":"2026-04-27T17:05:53+00:00","twitter_card":"summary_large_image","twitter_misc":{"Est. reading time":"1 minute"},"schema":{"@context":"https:\/\/schema.org","@graph":[{"@type":"WebPage","@id":"https:\/\/wordledanskspil.dk\/blog\/kontakt-os\/","url":"https:\/\/wordledanskspil.dk\/blog\/kontakt-os\/","name":"Kontakt os - WordleDanskSpil","isPartOf":{"@id":"https:\/\/wordledanskspil.dk\/blog\/#website"},"datePublished":"2026-04-27T16:59:30+00:00","dateModified":"2026-04-27T17:05:53+00:00","breadcrumb":{"@id":"https:\/\/wordledanskspil.dk\/blog\/kontakt-os\/#breadcrumb"},"inLanguage":"en-US","potentialAction":[{"@type":"ReadAction","target":["https:\/\/wordledanskspil.dk\/blog\/kontakt-os\/"]}]},{"@type":"BreadcrumbList","@id":"https:\/\/wordledanskspil.dk\/blog\/kontakt-os\/#breadcrumb","itemListElement":[{"@type":"ListItem","position":1,"name":"Home","item":"https:\/\/wordledanskspil.dk\/blog\/"},{"@type":"ListItem","position":2,"name":"Kontakt os"}]},{"@type":"WebSite","@id":"https:\/\/wordledanskspil.dk\/blog\/#website","url":"https:\/\/wordledanskspil.dk\/blog\/","name":"WordleDanskSpil","description":"Blog","publisher":{"@id":"https:\/\/wordledanskspil.dk\/blog\/#organization"},"potentialAction":[{"@type":"SearchAction","target":{"@type":"EntryPoint","urlTemplate":"https:\/\/wordledanskspil.dk\/blog\/?s={search_term_string}"},"query-input":{"@type":"PropertyValueSpecification","valueRequired":true,"valueName":"search_term_string"}}],"inLanguage":"en-US"},{"@type":"Organization","@id":"https:\/\/wordledanskspil.dk\/blog\/#organization","name":"WordleDanskSpil","url":"https:\/\/wordledanskspil.dk\/blog\/","logo":{"@type":"ImageObject","inLanguage":"en-US","@id":"https:\/\/wordledanskspil.dk\/blog\/#\/schema\/logo\/image\/","url":"https:\/\/wordledanskspil.dk\/blog\/wp-content\/uploads\/2025\/08\/w.png","contentUrl":"https:\/\/wordledanskspil.dk\/blog\/wp-content\/uploads\/2025\/08\/w.png","width":1024,"height":367,"caption":"WordleDanskSpil"},"image":{"@id":"https:\/\/wordledanskspil.dk\/blog\/#\/schema\/logo\/image\/"}}]}},"_links":{"self":[{"href":"https:\/\/wordledanskspil.dk\/blog\/wp-json\/wp\/v2\/pages\/273","targetHints":{"allow":["GET"]}}],"collection":[{"href":"https:\/\/wordledanskspil.dk\/blog\/wp-json\/wp\/v2\/pages"}],"about":[{"href":"https:\/\/wordledanskspil.dk\/blog\/wp-json\/wp\/v2\/types\/page"}],"author":[{"embeddable":true,"href":"https:\/\/wordledanskspil.dk\/blog\/wp-json\/wp\/v2\/users\/1"}],"replies":[{"embeddable":true,"href":"https:\/\/wordledanskspil.dk\/blog\/wp-json\/wp\/v2\/comments?post=273"}],"version-history":[{"count":2,"href":"https:\/\/wordledanskspil.dk\/blog\/wp-json\/wp\/v2\/pages\/273\/revisions"}],"predecessor-version":[{"id":276,"href":"https:\/\/wordledanskspil.dk\/blog\/wp-json\/wp\/v2\/pages\/273\/revisions\/276"}],"wp:attachment":[{"href":"https:\/\/wordledanskspil.dk\/blog\/wp-json\/wp\/v2\/media?parent=273"}],"curies":[{"name":"wp","href":"https:\/\/api.w.org\/{rel}","templated":true}]}}